{"id":1584,"date":"2023-08-03T11:15:23","date_gmt":"2023-08-03T16:15:23","guid":{"rendered":"https:\/\/grd.sanandres.gov.co\/?page_id=1584"},"modified":"2023-10-05T16:41:36","modified_gmt":"2023-10-05T21:41:36","slug":"prueba","status":"publish","type":"page","link":"https:\/\/grd.sanandres.gov.co\/?page_id=1584","title":{"rendered":"Consejos Temporada de Huracanes"},"content":{"rendered":"\n<h3 class=\"has-text-align-left has-medium-font-size\"><strong>Prepar\u00e9monos en esta temporada de huracanes 2023, con tips de seguridad antes y durante del paso de la tormenta.<\/strong><\/h3>\n\n\n\n<hr class=\"wp-block-separator has-text-color has-background has-cyan-bluish-gray-background-color has-cyan-bluish-gray-color is-style-dots\"\/>\n\n\n\n<p>Desde el 1 de junio, da inicio la temporada de huracanes, de la cual el Archipi\u00e9lago de San Andr\u00e9s, Providencia y Santa Catalina se ve tan afectado cada a\u00f1o, estas contemplan tormentas el\u00e9ctricas, lluvias fuertes, vientos extremos, mareaje o oleadas e inundaciones. <\/p>\n\n\n\n<p>Por eso, compartimos estos consejos para prevenir y proteger a toda la comunidad.<\/p>\n\n\n\n<p><strong>Antes del hurac\u00e1n:<\/strong><\/p>\n\n\n\n<ul><li><strong>Organice un plan de comunicaci\u00f3n con su familia o personas con las que vive<\/strong>, para que sepan como contactarse  y lograr reunirse en caso de emergencia. Asigne un punto de encuentro dentro de la casa, en sus alrededores o barrio de localidad.<\/li><\/ul>\n\n\n\n<ul><li><strong>Arme un kit de emergencia. <\/strong>Debe incluir agua, alimentos no perecederos, botiqu\u00edn de primeros auxilios, linterna, radio de pilas, ropa b\u00e1sica y c\u00f3moda, medicamentos formulados, pito.<\/li><\/ul>\n\n\n\n<ul><li><strong>Asista a jornadas o simulacros de respuestas a emergencias<\/strong>, para saber que hacer y como actuar de forma segura.<\/li><\/ul>\n\n\n\n<div class=\"wp-block-image\"><figure class=\"aligncenter size-full is-resized\"><img loading=\"lazy\" src=\"http:\/\/grd.sanandres.gov.co\/wp-content\/uploads\/2023\/09\/Kit-de-Emegencia.jpg\" alt=\"\" class=\"wp-image-1720\" width=\"732\" height=\"471\" srcset=\"https:\/\/grd.sanandres.gov.co\/wp-content\/uploads\/2023\/09\/Kit-de-Emegencia.jpg 1003w, https:\/\/grd.sanandres.gov.co\/wp-content\/uploads\/2023\/09\/Kit-de-Emegencia-300x194.jpg 300w, https:\/\/grd.sanandres.gov.co\/wp-content\/uploads\/2023\/09\/Kit-de-Emegencia-768x495.jpg 768w\" sizes=\"(max-width: 732px) 100vw, 732px\" \/><\/figure><\/div>\n\n\n\n<p><strong>Durante la tormenta:<\/strong><\/p>\n\n\n\n<ul><li><strong>Ref\u00fagiese en una habitaci\u00f3n interna segura<\/strong> de la casa, que resista vientos fuertes.<\/li><li><strong>Si esta en un edificio y no pueda salir por inundaci\u00f3n<\/strong>, vaya al nivel m\u00e1s alto. <\/li><li><strong>Desenchufe los equipos el\u00e9ctricos de la casa<\/strong>, como televisores, electrom\u00e9tricos peque\u00f1os, lavadoras y todo aparato que funciones con electricidad.<\/li><li><strong>Si hay orden de evacuaci\u00f3n, real\u00edcelo de forma r\u00e1pida.<\/strong> Siga las rutas de evacuaci\u00f3n sin atajos que pueden generarle bloqueos o demoras.<\/li><li><strong>No camine, nade o conduzca en \u00e1reas inundadas.<\/strong> Podr\u00edan haber zonas m\u00e1s altas, huecos no visibles, o en el peor de los casos corrientes que lo podr\u00edan arrasar y ahogarlo.<\/li><\/ul>\n\n\n\n<p><\/p>\n","protected":false},"excerpt":{"rendered":"<p>Prepar\u00e9monos en esta temporada de huracanes 2023, con tips de seguridad antes y durante del paso de la tormenta. Desde el 1 de junio, da inicio la temporada de huracanes, de la cual el Archipi\u00e9lago de San Andr\u00e9s, Providencia y Santa Catalina se ve tan afectado cada a\u00f1o, estas contemplan tormentas el\u00e9ctricas, lluvias fuertes, vientos [&hellip;]<\/p>\n","protected":false},"author":3,"featured_media":0,"parent":0,"menu_order":0,"comment_status":"closed","ping_status":"closed","template":"","meta":[],"acf":[],"_links":{"self":[{"href":"https:\/\/grd.sanandres.gov.co\/index.php?rest_route=\/wp\/v2\/pages\/1584"}],"collection":[{"href":"https:\/\/grd.sanandres.gov.co\/index.php?rest_route=\/wp\/v2\/pages"}],"about":[{"href":"https:\/\/grd.sanandres.gov.co\/index.php?rest_route=\/wp\/v2\/types\/page"}],"author":[{"embeddable":true,"href":"https:\/\/grd.sanandres.gov.co\/index.php?rest_route=\/wp\/v2\/users\/3"}],"replies":[{"embeddable":true,"href":"https:\/\/grd.sanandres.gov.co\/index.php?rest_route=%2Fwp%2Fv2%2Fcomments&post=1584"}],"version-history":[{"count":15,"href":"https:\/\/grd.sanandres.gov.co\/index.php?rest_route=\/wp\/v2\/pages\/1584\/revisions"}],"predecessor-version":[{"id":1921,"href":"https:\/\/grd.sanandres.gov.co\/index.php?rest_route=\/wp\/v2\/pages\/1584\/revisions\/1921"}],"wp:attachment":[{"href":"https:\/\/grd.sanandres.gov.co\/index.php?rest_route=%2Fwp%2Fv2%2Fmedia&parent=1584"}],"curies":[{"name":"wp","href":"https:\/\/api.w.org\/{rel}","templated":true}]}}