{"id":1624,"date":"2023-08-03T12:08:02","date_gmt":"2023-08-03T17:08:02","guid":{"rendered":"https:\/\/grd.sanandres.gov.co\/?page_id=1624"},"modified":"2023-08-03T13:40:38","modified_gmt":"2023-08-03T18:40:38","slug":"identificacion-y-caracterizacion-de-escenarios-de-riesgo","status":"publish","type":"page","link":"https:\/\/grd.sanandres.gov.co\/?page_id=1624","title":{"rendered":"Identificaci\u00f3n y Caracterizaci\u00f3n de Escenarios de Riesgo"},"content":{"rendered":"<h2>Identificaci\u00f3n y Caracterizaci\u00f3n de Escenarios de Riesgo<\/h2>\n<h3>\n<p>Plan Departamental para la Gesti\u00f3n del Riesgo de Desastres.<\/p>\n<\/h3>\n<div>\n<a href=\"https:\/\/grd.sanandres.gov.co\/wp-content\/uploads\/2023\/08\/PDGRD-2012-2024_Actualizado-VersionFinal.pdf\" class=\"pdfemb-viewer\" style=\"\" data-width=\"max\" data-height=\"max\"  data-toolbar=\"top\" data-toolbar-fixed=\"on\">PDGRD-2012-2024_Actualizado-VersionFinal<br\/><\/a><\/div>\n<h1>\n<p>Planos<\/p>\n<\/h1>\n<ul>\n<li>\n<h3>Planos PDF (San Andres)<\/h3>\n<div>\n<ol>\n<li style=\"font-weight: 400;\"><a style=\"color:#1e345d;\" href=\"https:\/\/grd.sanandres.gov.co\/documents\/Planos%20PDF%20-%20San%20Andres\/1%20-%20Aerofotograf\u00eda.pdf\"><strong>Aerofotografi\u0301a<\/strong><\/a><\/li>\n<li style=\"font-weight: 400;\"><a style=\"color:#1e345d;\" href=\"https:\/\/grd.sanandres.gov.co\/documents\/Planos%20PDF%20-%20San%20Andres\/2 - Ortofotografias 2021.pdf\"><strong>Ortofotografias 2021<\/strong><\/a><\/li>\n<li style=\"font-weight: 400;\"><a style=\"color:#1e345d;\" href=\"https:\/\/grd.sanandres.gov.co\/documents\/Planos%20PDF%20-%20San%20Andres\/3 - Modelo digital de terreno.pdf\"><strong>Modelo digital de terreno<\/strong><\/a><\/li>\n<li style=\"font-weight: 400;\"><a style=\"color:#1e345d;\" href=\"https:\/\/grd.sanandres.gov.co\/documents\/Planos%20PDF%20-%20San%20Andres\/4 - Red Vial.pdf\"><strong>Red Vial<\/strong><\/a><\/li>\n<li style=\"font-weight: 400;\"><a style=\"color:#1e345d;\" href=\"https:\/\/grd.sanandres.gov.co\/documents\/Planos%20PDF%20-%20San%20Andres\/5 - Cuencas Hidrograficas.pdf\"><strong>Cuencas Hidrogra\u0301ficas<\/strong><\/a><\/li>\n<li style=\"font-weight: 400;\"><a style=\"color:#1e345d;\" href=\"https:\/\/grd.sanandres.gov.co\/documents\/Planos%20PDF%20-%20San%20Andres\/6 - Acuiferos.pdf\"><strong>Acuiferos<\/strong><\/a><\/li>\n<li style=\"font-weight: 400;\"><a style=\"color:#1e345d;\" href=\"https:\/\/grd.sanandres.gov.co\/documents\/Planos%20PDF%20-%20San%20Andres\/7 - Litolig\u00eda.pdf\"><strong>Litoligi\u0301a<\/strong><\/a><\/li>\n<li style=\"font-weight: 400;\"><a style=\"color:#1e345d;\" href=\"https:\/\/grd.sanandres.gov.co\/documents\/Planos%20PDF%20-%20San%20Andres\/\"><strong>Formacio\u0301nes<\/strong><\/a><\/li>\n<li style=\"font-weight: 400;\"><a style=\"color:#1e345d;\" href=\"https:\/\/grd.sanandres.gov.co\/documents\/Planos%20PDF%20-%20San%20Andres\/8 - Formaci\u00f3nes.pdf\"><strong>Unidades Geomorfolo\u0301gicas<\/strong><\/a><\/li>\n<li style=\"font-weight: 400;\"><a style=\"color:#1e345d;\" href=\"https:\/\/grd.sanandres.gov.co\/documents\/Planos%20PDF%20-%20San%20Andres\/10%20-%20Zonas%20Suceptibles%20a%20Inundacion.pdf\"><strong>Zonas Suceptibles a Inundacio\u0301n<\/strong><\/a><\/li>\n<li style=\"font-weight: 400;\"><strong><a style=\"color:#1e345d;\" href=\"https:\/\/grd.sanandres.gov.co\/documents\/Planos%20PDF%20-%20San%20Andres\/11 - Elementos expuestos a susceptibilidad de Inundacion.pdf\">Elementos expuestos a susceptibilidad<\/a> <a style=\"color:#1e345d;\" href=\"https:\/\/grd.sanandres.gov.co\/documents\/Planos%20PDF%20-%20San%20Andres\/11 - Elementos expuestos a susceptibilidad de Inundacion.pdf\">de Inundacio\u0301n<\/a><\/strong><\/li>\n<li style=\"font-weight: 400;\"><a style=\"color:#1e345d;\" href=\"https:\/\/grd.sanandres.gov.co\/documents\/Planos%20PDF%20-%20San%20Andres\/12- Amenaza de inundacion por precipitacion.pdf\"><strong>Amenaza de inundacio\u0301n por precipitacio\u0301n<\/strong><\/a><\/li>\n<li style=\"font-weight: 400;\"><a style=\"color:#1e345d;\" href=\"https:\/\/grd.sanandres.gov.co\/documents\/Planos%20PDF%20-%20San%20Andres\/13- Elementos expuestos a Amenaza de inundacion por precipitacion.pdf\"><strong>Elementos expuestos a Amenaza de inundacio\u0301n por precipitacio\u0301n<\/strong><\/a><\/li>\n<li style=\"font-weight: 400;\"><a style=\"color:#1e345d;\" href=\"https:\/\/grd.sanandres.gov.co\/documents\/Planos%20PDF%20-%20San%20Andres\/14 - Amenaza de inundacion por oleaje.pdf\"><strong>Amenaza de inundacio\u0301n por oleaje<\/strong><\/a><\/li>\n<li style=\"font-weight: 400;\"><a style=\"color:#1e345d;\" href=\"https:\/\/grd.sanandres.gov.co\/documents\/Planos%20PDF%20-%20San%20Andres\/16 - Erosi\u00f3n por Salinizacion del suelo.pdf\"><strong>Erosio\u0301n por Salinizacio\u0301n del suelo<\/strong><\/a><\/li>\n<li style=\"font-weight: 400;\"><a style=\"color:#1e345d;\" href=\"https:\/\/grd.sanandres.gov.co\/documents\/Planos%20PDF%20-%20San%20Andres\/17 - Amenaza por erosion costera.pdf\"><strong>Amenaza por erosio\u0301n costera<\/strong><\/a><\/li>\n<li style=\"font-weight: 400;\"><a style=\"color:#1e345d;\" href=\"https:\/\/grd.sanandres.gov.co\/documents\/Planos%20PDF%20-%20San%20Andres\/18 - Riesgos Por Movimientos en Masa.pdf\"><strong>Riesgos Por Movimientos en Masa<\/strong><\/a><\/li>\n<li style=\"font-weight: 400;\"><a style=\"color:#1e345d;\" href=\"https:\/\/grd.sanandres.gov.co\/documents\/Planos%20PDF%20-%20San%20Andres\/20 - Susceptibilidad por Movimiento en Masa.pdf\"><strong>Susceptibilidad por Movimiento en Masa<\/strong><\/a><\/li>\n<li style=\"font-weight: 400;\"><a style=\"color:#1e345d;\" href=\"https:\/\/grd.sanandres.gov.co\/documents\/Planos%20PDF%20-%20San%20Andres\/22 - Riesgos por Incendios Forestales.pdf\"><strong>Riesgos por Incendios Forestales<\/strong><\/a><\/li>\n<\/ol>\n<\/div>\n<\/li>\n<li>\n<h3>Planos PDF (Providencia)<\/h3>\n<div>\n<ol>\n<li style=\"font-weight: 400;\"><a style=\"color:#1e345d;\" href=\"https:\/\/grd.sanandres.gov.co\/documents\/Planos%20PDF%20-%20Providencia\/1 - Aerofotograf\u00eda.pdf\"><strong>Aerofotografi\u0301a<\/strong><\/a><\/li>\n<li style=\"font-weight: 400;\"><a style=\"color:#1e345d;\" href=\"https:\/\/grd.sanandres.gov.co\/documents\/Planos%20PDF%20-%20Providencia\/2 - Modelo digital de terreno.pdf\"><strong>Modelo digital de terreno<\/strong><\/a><\/li>\n<li style=\"font-weight: 400;\"><a style=\"color:#1e345d;\" href=\"https:\/\/grd.sanandres.gov.co\/documents\/Planos%20PDF%20-%20Providencia\/Red Vial.pdf\"><strong>Red Vial<\/strong><\/a><\/li>\n<li style=\"font-weight: 400;\"><a style=\"color:#1e345d;\" href=\"https:\/\/grd.sanandres.gov.co\/documents\/Planos%20PDF%20-%20Providencia\/4 - Cuencas Hidrogr\u00e1ficas.pdf\"><strong>Cuencas Hidrogra\u0301ficas<\/strong><\/a><\/li>\n<li style=\"font-weight: 400;\"><a style=\"color:#1e345d;\" href=\"https:\/\/grd.sanandres.gov.co\/documents\/Planos%20PDF%20-%20Providencia\/5 - Acuiferos.pdf\"><strong>Acuiferos<\/strong><\/a><\/li>\n<li style=\"font-weight: 400;\"><a style=\"color:#1e345d;\" href=\"https:\/\/grd.sanandres.gov.co\/documents\/Planos%20PDF%20-%20Providencia\/6 - Litolog\u00eda.pdf\"><strong>Litologi\u0301a<\/strong><\/a><\/li>\n<li style=\"font-weight: 400;\"><a style=\"color:#1e345d;\" href=\"https:\/\/grd.sanandres.gov.co\/documents\/Planos%20PDF%20-%20Providencia\/7 - Unidades Geomorfol\u00f3gicas.pdf\"><strong>Unidades Geomorfolo\u0301gicas<\/strong><\/a><\/li>\n<li style=\"font-weight: 400;\"><a style=\"color:#1e345d;\" href=\"https:\/\/grd.sanandres.gov.co\/documents\/Planos%20PDF%20-%20Providencia\/8 - Zonas Suceptibles a Inundaci\u00f3n.pdf\"><strong>Zonas Suceptibles a Inundacio\u0301n<\/strong><\/a><\/li>\n<li style=\"font-weight: 400;\"><a style=\"color:#1e345d;\" href=\"https:\/\/grd.sanandres.gov.co\/documents\/Planos%20PDF%20-%20Providencia\/9 - Amenaza de inundaci\u00f3n por ascenso del nivel del mar.pdf\"><strong>Amenaza de inundacio\u0301n por ascenso del nivel del mar<\/strong><\/a><\/li>\n<li style=\"font-weight: 400;\"><a style=\"color:#1e345d;\" href=\"https:\/\/grd.sanandres.gov.co\/documents\/Planos%20PDF%20-%20Providencia\/10 - Amenaza de inundaci\u00f3n natural del ecosistema.pdf\"><strong>Amenaza de inundacio\u0301n natural del ecosistema<\/strong><\/a><\/li>\n<li style=\"font-weight: 400;\"><a style=\"color:#1e345d;\" href=\"https:\/\/grd.sanandres.gov.co\/documents\/Planos%20PDF%20-%20Providencia\/11 - Erosi\u00f3n Costera.pdf\"><strong>Erosio\u0301n Costera<\/strong><\/a><\/li>\n<li style=\"font-weight: 400;\"><a style=\"color:#1e345d;\" href=\"https:\/\/grd.sanandres.gov.co\/documents\/Planos%20PDF%20-%20Providencia\/12 - Susceptibilidad de incendios forestales.pdf\"><strong>Susceptibilidad de incendios forestales<\/strong><\/a><\/li>\n<li style=\"font-weight: 400;\"><a style=\"color:#1e345d;\" href=\"https:\/\/grd.sanandres.gov.co\/documents\/Planos%20PDF%20-%20Providencia\/13 - Pendientes.pdf\"><strong>Pendientes<\/strong><\/a><\/li>\n<\/ol>\n<\/div>\n<\/li>\n<\/ul>\n<p><!-- {\"type\":\"layout\",\"children\":[{\"type\":\"section\",\"props\":{\"style\":\"default\",\"width\":\"default\",\"vertical_align\":\"middle\",\"title_position\":\"top-left\",\"title_rotation\":\"left\",\"title_breakpoint\":\"xl\",\"image_position\":\"center-center\"},\"children\":[{\"type\":\"row\",\"children\":[{\"type\":\"column\",\"props\":{\"image_position\":\"center-center\",\"media_overlay_gradient\":\"\"},\"children\":[{\"type\":\"headline\",\"props\":{\"title_element\":\"h2\",\"content\":\"Identificaci\\u00f3n y Caracterizaci\\u00f3n de Escenarios de Riesgo\"}},{\"type\":\"headline\",\"props\":{\"title_element\":\"h3\",\"content\":\"\n\n<p>Plan Departamental para la Gesti\\u00f3n del Riesgo de Desastres.<\\\/p>\",\"title_color\":\"primary\",\"title_decoration\":\"divider\"}},{\"type\":\"html\",\"props\":{\"content\":\"[pdf-embedder url=\\\"https:\\\/\\\/grd.sanandres.gov.co\\\/wp-content\\\/uploads\\\/2023\\\/08\\\/PDGRD-2012-2024_Actualizado-VersionFinal.pdf\\\" toolbar=\\\"top\\\" toolbarfixed=\\\"on\\\"]\"}}]}]}]},{\"type\":\"section\",\"props\":{\"style\":\"default\",\"width\":\"default\",\"vertical_align\":\"middle\",\"title_position\":\"top-left\",\"title_rotation\":\"left\",\"title_breakpoint\":\"xl\",\"image_position\":\"center-center\"},\"children\":[{\"type\":\"row\",\"children\":[{\"type\":\"column\",\"props\":{\"image_position\":\"center-center\",\"media_overlay_gradient\":\"\"},\"children\":[{\"type\":\"headline\",\"props\":{\"title_element\":\"h1\",\"content\":\"\n\n<p>Planos<\\\/p>\",\"title_color\":\"primary\",\"title_decoration\":\"divider\"}},{\"type\":\"accordion\",\"props\":{\"show_image\":true,\"show_link\":true,\"collapsible\":true,\"content_column_breakpoint\":\"m\",\"image_svg_color\":\"emphasis\",\"image_align\":\"top\",\"image_grid_width\":\"1-2\",\"image_grid_breakpoint\":\"m\",\"link_text\":\"Read more\",\"link_style\":\"danger\",\"content_style\":\"lead\",\"content_column\":\"\",\"content_column_divider\":true},\"children\":[{\"type\":\"accordion_item\",\"props\":{\"title\":\"Planos PDF (San Andres)\",\"content\":\"\n\n<ol>\\n\n\n<li style=\\\"font-weight: 400;\\\"><a style=\\\"color:#1e345d;\\\" href=\\\"https:\\\/\\\/grd.sanandres.gov.co\\\/documents\\\/Planos%20PDF%20-%20San%20Andres\\\/1%20-%20Aerofotograf\\u00eda.pdf\\\"><strong>Aerofotografi\\u0301a<\\\/strong><\\\/a><\\\/li>\\n\n\n<li style=\\\"font-weight: 400;\\\"><a style=\\\"color:#1e345d;\\\" href=\\\"https:\\\/\\\/grd.sanandres.gov.co\\\/documents\\\/Planos%20PDF%20-%20San%20Andres\\\/2 - Ortofotografias 2021.pdf\\\"><strong>Ortofotografias 2021<\\\/strong><\\\/a><\\\/li>\\n\n\n<li style=\\\"font-weight: 400;\\\"><a style=\\\"color:#1e345d;\\\" href=\\\"https:\\\/\\\/grd.sanandres.gov.co\\\/documents\\\/Planos%20PDF%20-%20San%20Andres\\\/3 - Modelo digital de terreno.pdf\\\"><strong>Modelo digital de terreno<\\\/strong><\\\/a><\\\/li>\\n\n\n<li style=\\\"font-weight: 400;\\\"><a style=\\\"color:#1e345d;\\\" href=\\\"https:\\\/\\\/grd.sanandres.gov.co\\\/documents\\\/Planos%20PDF%20-%20San%20Andres\\\/4 - Red Vial.pdf\\\"><strong>Red Vial<\\\/strong><\\\/a><\\\/li>\\n\n\n<li style=\\\"font-weight: 400;\\\"><a style=\\\"color:#1e345d;\\\" href=\\\"https:\\\/\\\/grd.sanandres.gov.co\\\/documents\\\/Planos%20PDF%20-%20San%20Andres\\\/5 - Cuencas Hidrograficas.pdf\\\"><strong>Cuencas Hidrogra\\u0301ficas<\\\/strong><\\\/a><\\\/li>\\n\n\n<li style=\\\"font-weight: 400;\\\"><a style=\\\"color:#1e345d;\\\" href=\\\"https:\\\/\\\/grd.sanandres.gov.co\\\/documents\\\/Planos%20PDF%20-%20San%20Andres\\\/6 - Acuiferos.pdf\\\"><strong>Acuiferos<\\\/strong><\\\/a><\\\/li>\\n\n\n<li style=\\\"font-weight: 400;\\\"><a style=\\\"color:#1e345d;\\\" href=\\\"https:\\\/\\\/grd.sanandres.gov.co\\\/documents\\\/Planos%20PDF%20-%20San%20Andres\\\/7 - Litolig\\u00eda.pdf\\\"><strong>Litoligi\\u0301a<\\\/strong><\\\/a><\\\/li>\\n\n\n<li style=\\\"font-weight: 400;\\\"><a style=\\\"color:#1e345d;\\\" href=\\\"https:\\\/\\\/grd.sanandres.gov.co\\\/documents\\\/Planos%20PDF%20-%20San%20Andres\\\/\\\"><strong>Formacio\\u0301nes<\\\/strong><\\\/a><\\\/li>\\n\n\n<li style=\\\"font-weight: 400;\\\"><a style=\\\"color:#1e345d;\\\" href=\\\"https:\\\/\\\/grd.sanandres.gov.co\\\/documents\\\/Planos%20PDF%20-%20San%20Andres\\\/8 - Formaci\\u00f3nes.pdf\\\"><strong>Unidades Geomorfolo\\u0301gicas<\\\/strong><\\\/a><\\\/li>\\n\n\n<li style=\\\"font-weight: 400;\\\"><a style=\\\"color:#1e345d;\\\" href=\\\"https:\\\/\\\/grd.sanandres.gov.co\\\/documents\\\/Planos%20PDF%20-%20San%20Andres\\\/10%20-%20Zonas%20Suceptibles%20a%20Inundacion.pdf\\\"><strong>Zonas Suceptibles a Inundacio\\u0301n<\\\/strong><\\\/a><\\\/li>\\n\n\n<li style=\\\"font-weight: 400;\\\"><strong><a style=\\\"color:#1e345d;\\\" href=\\\"https:\\\/\\\/grd.sanandres.gov.co\\\/documents\\\/Planos%20PDF%20-%20San%20Andres\\\/11 - Elementos expuestos a susceptibilidad de Inundacion.pdf\\\">Elementos expuestos a susceptibilidad<\\\/a> <a style=\\\"color:#1e345d;\\\" href=\\\"https:\\\/\\\/grd.sanandres.gov.co\\\/documents\\\/Planos%20PDF%20-%20San%20Andres\\\/11 - Elementos expuestos a susceptibilidad de Inundacion.pdf\\\">de Inundacio\\u0301n<\\\/a><\\\/strong><\\\/li>\\n\n\n<li style=\\\"font-weight: 400;\\\"><a style=\\\"color:#1e345d;\\\" href=\\\"https:\\\/\\\/grd.sanandres.gov.co\\\/documents\\\/Planos%20PDF%20-%20San%20Andres\\\/12- Amenaza de inundacion por precipitacion.pdf\\\"><strong>Amenaza de inundacio\\u0301n por precipitacio\\u0301n<\\\/strong><\\\/a><\\\/li>\\n\n\n<li style=\\\"font-weight: 400;\\\"><a style=\\\"color:#1e345d;\\\" href=\\\"https:\\\/\\\/grd.sanandres.gov.co\\\/documents\\\/Planos%20PDF%20-%20San%20Andres\\\/13- Elementos expuestos a Amenaza de inundacion por precipitacion.pdf\\\"><strong>Elementos expuestos a Amenaza de inundacio\\u0301n por precipitacio\\u0301n<\\\/strong><\\\/a><\\\/li>\\n\n\n<li style=\\\"font-weight: 400;\\\"><a style=\\\"color:#1e345d;\\\" href=\\\"https:\\\/\\\/grd.sanandres.gov.co\\\/documents\\\/Planos%20PDF%20-%20San%20Andres\\\/14 - Amenaza de inundacion por oleaje.pdf\\\"><strong>Amenaza de inundacio\\u0301n por oleaje<\\\/strong><\\\/a><\\\/li>\\n\n\n<li style=\\\"font-weight: 400;\\\"><a style=\\\"color:#1e345d;\\\" href=\\\"https:\\\/\\\/grd.sanandres.gov.co\\\/documents\\\/Planos%20PDF%20-%20San%20Andres\\\/16 - Erosi\\u00f3n por Salinizacion del suelo.pdf\\\"><strong>Erosio\\u0301n por Salinizacio\\u0301n del suelo<\\\/strong><\\\/a><\\\/li>\\n\n\n<li style=\\\"font-weight: 400;\\\"><a style=\\\"color:#1e345d;\\\" href=\\\"https:\\\/\\\/grd.sanandres.gov.co\\\/documents\\\/Planos%20PDF%20-%20San%20Andres\\\/17 - Amenaza por erosion costera.pdf\\\"><strong>Amenaza por erosio\\u0301n costera<\\\/strong><\\\/a><\\\/li>\\n\n\n<li style=\\\"font-weight: 400;\\\"><a style=\\\"color:#1e345d;\\\" href=\\\"https:\\\/\\\/grd.sanandres.gov.co\\\/documents\\\/Planos%20PDF%20-%20San%20Andres\\\/18 - Riesgos Por Movimientos en Masa.pdf\\\"><strong>Riesgos Por Movimientos en Masa<\\\/strong><\\\/a><\\\/li>\\n\n\n<li style=\\\"font-weight: 400;\\\"><a style=\\\"color:#1e345d;\\\" href=\\\"https:\\\/\\\/grd.sanandres.gov.co\\\/documents\\\/Planos%20PDF%20-%20San%20Andres\\\/20 - Susceptibilidad por Movimiento en Masa.pdf\\\"><strong>Susceptibilidad por Movimiento en Masa<\\\/strong><\\\/a><\\\/li>\\n\n\n<li style=\\\"font-weight: 400;\\\"><a style=\\\"color:#1e345d;\\\" href=\\\"https:\\\/\\\/grd.sanandres.gov.co\\\/documents\\\/Planos%20PDF%20-%20San%20Andres\\\/22 - Riesgos por Incendios Forestales.pdf\\\"><strong>Riesgos por Incendios Forestales<\\\/strong><\\\/a><\\\/li>\\n<\\\/ol>\"}},{\"type\":\"accordion_item\",\"props\":{\"title\":\"Planos PDF (Providencia)\",\"content\":\"\n\n<ol>\\n\n\n<li style=\\\"font-weight: 400;\\\"><a style=\\\"color:#1e345d;\\\" href=\\\"https:\\\/\\\/grd.sanandres.gov.co\\\/documents\\\/Planos%20PDF%20-%20Providencia\\\/1 - Aerofotograf\\u00eda.pdf\\\"><strong>Aerofotografi\\u0301a<\\\/strong><\\\/a><\\\/li>\\n\n\n<li style=\\\"font-weight: 400;\\\"><a style=\\\"color:#1e345d;\\\" href=\\\"https:\\\/\\\/grd.sanandres.gov.co\\\/documents\\\/Planos%20PDF%20-%20Providencia\\\/2 - Modelo digital de terreno.pdf\\\"><strong>Modelo digital de terreno<\\\/strong><\\\/a><\\\/li>\\n\n\n<li style=\\\"font-weight: 400;\\\"><a style=\\\"color:#1e345d;\\\" href=\\\"https:\\\/\\\/grd.sanandres.gov.co\\\/documents\\\/Planos%20PDF%20-%20Providencia\\\/Red Vial.pdf\\\"><strong>Red Vial<\\\/strong><\\\/a><\\\/li>\\n\n\n<li style=\\\"font-weight: 400;\\\"><a style=\\\"color:#1e345d;\\\" href=\\\"https:\\\/\\\/grd.sanandres.gov.co\\\/documents\\\/Planos%20PDF%20-%20Providencia\\\/4 - Cuencas Hidrogr\\u00e1ficas.pdf\\\"><strong>Cuencas Hidrogra\\u0301ficas<\\\/strong><\\\/a><\\\/li>\\n\n\n<li style=\\\"font-weight: 400;\\\"><a style=\\\"color:#1e345d;\\\" href=\\\"https:\\\/\\\/grd.sanandres.gov.co\\\/documents\\\/Planos%20PDF%20-%20Providencia\\\/5 - Acuiferos.pdf\\\"><strong>Acuiferos<\\\/strong><\\\/a><\\\/li>\\n\n\n<li style=\\\"font-weight: 400;\\\"><a style=\\\"color:#1e345d;\\\" href=\\\"https:\\\/\\\/grd.sanandres.gov.co\\\/documents\\\/Planos%20PDF%20-%20Providencia\\\/6 - Litolog\\u00eda.pdf\\\"><strong>Litologi\\u0301a<\\\/strong><\\\/a><\\\/li>\\n\n\n<li style=\\\"font-weight: 400;\\\"><a style=\\\"color:#1e345d;\\\" href=\\\"https:\\\/\\\/grd.sanandres.gov.co\\\/documents\\\/Planos%20PDF%20-%20Providencia\\\/7 - Unidades Geomorfol\\u00f3gicas.pdf\\\"><strong>Unidades Geomorfolo\\u0301gicas<\\\/strong><\\\/a><\\\/li>\\n\n\n<li style=\\\"font-weight: 400;\\\"><a style=\\\"color:#1e345d;\\\" href=\\\"https:\\\/\\\/grd.sanandres.gov.co\\\/documents\\\/Planos%20PDF%20-%20Providencia\\\/8 - Zonas Suceptibles a Inundaci\\u00f3n.pdf\\\"><strong>Zonas Suceptibles a Inundacio\\u0301n<\\\/strong><\\\/a><\\\/li>\\n\n\n<li style=\\\"font-weight: 400;\\\"><a style=\\\"color:#1e345d;\\\" href=\\\"https:\\\/\\\/grd.sanandres.gov.co\\\/documents\\\/Planos%20PDF%20-%20Providencia\\\/9 - Amenaza de inundaci\\u00f3n por ascenso del nivel del mar.pdf\\\"><strong>Amenaza de inundacio\\u0301n por ascenso del nivel del mar<\\\/strong><\\\/a><\\\/li>\\n\n\n<li style=\\\"font-weight: 400;\\\"><a style=\\\"color:#1e345d;\\\" href=\\\"https:\\\/\\\/grd.sanandres.gov.co\\\/documents\\\/Planos%20PDF%20-%20Providencia\\\/10 - Amenaza de inundaci\\u00f3n natural del ecosistema.pdf\\\"><strong>Amenaza de inundacio\\u0301n natural del ecosistema<\\\/strong><\\\/a><\\\/li>\\n\n\n<li style=\\\"font-weight: 400;\\\"><a style=\\\"color:#1e345d;\\\" href=\\\"https:\\\/\\\/grd.sanandres.gov.co\\\/documents\\\/Planos%20PDF%20-%20Providencia\\\/11 - Erosi\\u00f3n Costera.pdf\\\"><strong>Erosio\\u0301n Costera<\\\/strong><\\\/a><\\\/li>\\n\n\n<li style=\\\"font-weight: 400;\\\"><a style=\\\"color:#1e345d;\\\" href=\\\"https:\\\/\\\/grd.sanandres.gov.co\\\/documents\\\/Planos%20PDF%20-%20Providencia\\\/12 - Susceptibilidad de incendios forestales.pdf\\\"><strong>Susceptibilidad de incendios forestales<\\\/strong><\\\/a><\\\/li>\\n\n\n<li style=\\\"font-weight: 400;\\\"><a style=\\\"color:#1e345d;\\\" href=\\\"https:\\\/\\\/grd.sanandres.gov.co\\\/documents\\\/Planos%20PDF%20-%20Providencia\\\/13 - Pendientes.pdf\\\"><strong>Pendientes<\\\/strong><\\\/a><\\\/li>\\n<\\\/ol>\"}}]}]}]}]}],\"version\":\"2.3.14\"} --><\/p>\n","protected":false},"excerpt":{"rendered":"<p>Identificaci\u00f3n y Caracterizaci\u00f3n de Escenarios de Riesgo Plan Departamental para la Gesti\u00f3n del Riesgo de Desastres. Planos Planos PDF (San Andres) Aerofotografi\u0301a Ortofotografias 2021 Modelo digital de terreno Red Vial Cuencas Hidrogra\u0301ficas Acuiferos Litoligi\u0301a Formacio\u0301nes Unidades Geomorfolo\u0301gicas Zonas Suceptibles a Inundacio\u0301n Elementos expuestos a susceptibilidad de Inundacio\u0301n Amenaza de inundacio\u0301n por precipitacio\u0301n Elementos expuestos a [&hellip;]<\/p>\n","protected":false},"author":1,"featured_media":0,"parent":0,"menu_order":0,"comment_status":"closed","ping_status":"closed","template":"","meta":[],"acf":[],"_links":{"self":[{"href":"https:\/\/grd.sanandres.gov.co\/index.php?rest_route=\/wp\/v2\/pages\/1624"}],"collection":[{"href":"https:\/\/grd.sanandres.gov.co\/index.php?rest_route=\/wp\/v2\/pages"}],"about":[{"href":"https:\/\/grd.sanandres.gov.co\/index.php?rest_route=\/wp\/v2\/types\/page"}],"author":[{"embeddable":true,"href":"https:\/\/grd.sanandres.gov.co\/index.php?rest_route=\/wp\/v2\/users\/1"}],"replies":[{"embeddable":true,"href":"https:\/\/grd.sanandres.gov.co\/index.php?rest_route=%2Fwp%2Fv2%2Fcomments&post=1624"}],"version-history":[{"count":10,"href":"https:\/\/grd.sanandres.gov.co\/index.php?rest_route=\/wp\/v2\/pages\/1624\/revisions"}],"predecessor-version":[{"id":1636,"href":"https:\/\/grd.sanandres.gov.co\/index.php?rest_route=\/wp\/v2\/pages\/1624\/revisions\/1636"}],"wp:attachment":[{"href":"https:\/\/grd.sanandres.gov.co\/index.php?rest_route=%2Fwp%2Fv2%2Fmedia&parent=1624"}],"curies":[{"name":"wp","href":"https:\/\/api.w.org\/{rel}","templated":true}]}}