{"id":2237,"date":"2023-11-30T15:12:54","date_gmt":"2023-11-30T20:12:54","guid":{"rendered":"https:\/\/grd.sanandres.gov.co\/?page_id=2237"},"modified":"2023-12-07T15:05:05","modified_gmt":"2023-12-07T20:05:05","slug":"gestion-de-riesgo","status":"publish","type":"page","link":"https:\/\/grd.sanandres.gov.co\/?page_id=2237","title":{"rendered":"Gesti\u00f3n de Riesgo"},"content":{"rendered":"\n<hr class=\"wp-block-separator has-text-color has-background has-white-background-color has-white-color is-style-wide\"\/>\n\n\n\n<h2><sub>Intervenci\u00f3n Correctiva del Riesgo<\/sub><\/h2>\n\n\n\n<div class=\"wp-block-file\"><a href=\"https:\/\/grd.sanandres.gov.co\/wp-content\/uploads\/2023\/12\/APENDI1-1.pdf\">INVEMAR &#8211; An\u00e1lisis sedimentol\u00f3gico y levantamiento topo batim\u00e9trico<\/a><a href=\"https:\/\/grd.sanandres.gov.co\/wp-content\/uploads\/2023\/12\/APENDI1-1.pdf\" class=\"wp-block-file__button\" download>Descargar<\/a><\/div>\n\n\n\n<div class=\"wp-block-file\"><a href=\"https:\/\/grd.sanandres.gov.co\/wp-content\/uploads\/2023\/12\/Apendice-B_Memorias-del-ciclo-1-de-talleres.pdf\">Memorias &#8211; Cooperaci\u00f3n T\u00e9cnica para la prevenci\u00f3n de la erosi\u00f3n costera en la isla de San Andr\u00e9s &#8211; ciclo 1 <\/a><a href=\"https:\/\/grd.sanandres.gov.co\/wp-content\/uploads\/2023\/12\/Apendice-B_Memorias-del-ciclo-1-de-talleres.pdf\" class=\"wp-block-file__button\" download>Descargar<\/a><\/div>\n\n\n\n<div class=\"wp-block-file\"><a href=\"https:\/\/grd.sanandres.gov.co\/wp-content\/uploads\/2023\/12\/Apendice-C_Memorias-del-ciclo-2-de-talleres.pdf\">Memorias &#8211; Cooperaci\u00f3n T\u00e9cnica para la prevenci\u00f3n de la erosi\u00f3n costera en la isla de San Andr\u00e9s &#8211; ciclo 2<\/a><a href=\"https:\/\/grd.sanandres.gov.co\/wp-content\/uploads\/2023\/12\/Apendice-C_Memorias-del-ciclo-2-de-talleres.pdf\" class=\"wp-block-file__button\" download>Descargar<\/a><\/div>\n\n\n\n<div class=\"wp-block-file\"><a href=\"https:\/\/grd.sanandres.gov.co\/wp-content\/uploads\/2023\/12\/Apendice-D_Documentos-de-las-Comunicaciones.pdf\">Documentos de las comunicaciones<\/a><a href=\"https:\/\/grd.sanandres.gov.co\/wp-content\/uploads\/2023\/12\/Apendice-D_Documentos-de-las-Comunicaciones.pdf\" class=\"wp-block-file__button\" download>Descargar<\/a><\/div>\n\n\n\n<div class=\"wp-block-file\"><a href=\"https:\/\/grd.sanandres.gov.co\/wp-content\/uploads\/2023\/12\/AP124A1.pdf\">Impactos ambientales de degrado y de regeneraci\u00f3n costera<\/a><a href=\"https:\/\/grd.sanandres.gov.co\/wp-content\/uploads\/2023\/12\/AP124A1.pdf\" class=\"wp-block-file__button\" download>Descargar<\/a><\/div>\n\n\n\n<div class=\"wp-block-file\"><a href=\"https:\/\/grd.sanandres.gov.co\/wp-content\/uploads\/2023\/12\/Apendice-F_20220131-Articulo-breve-proyecto-sai-erosion.pdf\">Art\u00edculo &#8211; Prevenci\u00f3n erosi\u00f3n costeras SAI<\/a><a href=\"https:\/\/grd.sanandres.gov.co\/wp-content\/uploads\/2023\/12\/Apendice-F_20220131-Articulo-breve-proyecto-sai-erosion.pdf\" class=\"wp-block-file__button\" download>Descargar<\/a><\/div>\n\n\n\n<div class=\"wp-block-file\"><a href=\"https:\/\/grd.sanandres.gov.co\/wp-content\/uploads\/2023\/12\/AP4DCB1.pdf\">Texto complementario &#8211; Prevenci\u00f3n erosi\u00f3n costera de SAI<\/a><a href=\"https:\/\/grd.sanandres.gov.co\/wp-content\/uploads\/2023\/12\/AP4DCB1.pdf\" class=\"wp-block-file__button\" download>Descargar<\/a><\/div>\n\n\n\n<div class=\"wp-block-file\"><a href=\"https:\/\/grd.sanandres.gov.co\/wp-content\/uploads\/2023\/12\/Apendice-F_Resumen-proyecto-SAI-erosion.pdf\">Resumen &#8211; Proyecto Prevenci\u00f3n de erosi\u00f3n costera en SAI<\/a><a href=\"https:\/\/grd.sanandres.gov.co\/wp-content\/uploads\/2023\/12\/Apendice-F_Resumen-proyecto-SAI-erosion.pdf\" class=\"wp-block-file__button\" download>Descargar<\/a><\/div>\n\n\n\n<div class=\"wp-block-file\"><a href=\"https:\/\/grd.sanandres.gov.co\/wp-content\/uploads\/2023\/12\/Apendice-G_Funding-options-ReefSystems-project.pdf\">Funding Options ReefSystems Project<\/a><a href=\"https:\/\/grd.sanandres.gov.co\/wp-content\/uploads\/2023\/12\/Apendice-G_Funding-options-ReefSystems-project.pdf\" class=\"wp-block-file__button\" download>Descargar<\/a><\/div>\n\n\n\n<div class=\"wp-block-file\"><a href=\"https:\/\/grd.sanandres.gov.co\/wp-content\/uploads\/2023\/12\/Apendice-G_ReefSystems-proposal-San-Andres-Colombia.pdf\">ReefSystems Proposal San Andres Isla, Colombia<\/a><a href=\"https:\/\/grd.sanandres.gov.co\/wp-content\/uploads\/2023\/12\/Apendice-G_ReefSystems-proposal-San-Andres-Colombia.pdf\" class=\"wp-block-file__button\" download>Descargar<\/a><\/div>\n\n\n\n<div class=\"wp-block-file\"><a href=\"https:\/\/grd.sanandres.gov.co\/wp-content\/uploads\/2023\/12\/FINALR1.pdf\">Reporte final &#8211; Prevenci\u00f3n de la erosi\u00f3n costera en San Andr\u00e9s <\/a><a href=\"https:\/\/grd.sanandres.gov.co\/wp-content\/uploads\/2023\/12\/FINALR1.pdf\" class=\"wp-block-file__button\" download>Descargar<\/a><\/div>\n\n\n\n<div class=\"wp-block-file\"><a href=\"https:\/\/grd.sanandres.gov.co\/wp-content\/uploads\/2023\/12\/Apendice-H-Bibliografia.pdf\">Bibliograf\u00eda<\/a><a href=\"https:\/\/grd.sanandres.gov.co\/wp-content\/uploads\/2023\/12\/Apendice-H-Bibliografia.pdf\" class=\"wp-block-file__button\" download>Descargar<\/a><\/div>\n\n\n\n<hr class=\"wp-block-separator has-text-color has-background has-cyan-bluish-gray-background-color has-cyan-bluish-gray-color is-style-default\"\/>\n\n\n\n<h2><sub>Intervenci\u00f3n Prospectiva del Riesgo<\/sub><\/h2>\n\n\n\n<div class=\"wp-block-file\"><a href=\"https:\/\/grd.sanandres.gov.co\/wp-content\/uploads\/2023\/12\/PLAN-DE-ADAPTACION-SAI-Y-P.pdf\">Plan de adaptaci\u00f3n al cambio clim\u00e1tico para el Archipi\u00e9lago de San Andr\u00e9s, Providencia y Santa Catalina<\/a><a href=\"https:\/\/grd.sanandres.gov.co\/wp-content\/uploads\/2023\/12\/PLAN-DE-ADAPTACION-SAI-Y-P.pdf\" class=\"wp-block-file__button\" download>Descargar<\/a><\/div>\n\n\n\n<hr class=\"wp-block-separator has-text-color has-background has-cyan-bluish-gray-background-color has-cyan-bluish-gray-color is-style-default\"\/>\n\n\n\n<h2><sub>Protecci\u00f3n Financiera<\/sub><\/h2>\n\n\n\n<div class=\"wp-block-file\"><a href=\"https:\/\/grd.sanandres.gov.co\/wp-content\/uploads\/2023\/12\/Estrategia-Proteccion-Financiera-San-Andres.pdf\">Estrategia de Protecci\u00f3n Financiera para la gesti\u00f3n del riesgo de desastres en el Departamento Archipi\u00e9lago<\/a><a href=\"https:\/\/grd.sanandres.gov.co\/wp-content\/uploads\/2023\/12\/Estrategia-Proteccion-Financiera-San-Andres.pdf\" class=\"wp-block-file__button\" download>Descargar<\/a><\/div>\n\n\n\n<hr class=\"wp-block-separator has-text-color has-background has-cyan-bluish-gray-background-color has-cyan-bluish-gray-color is-style-default\"\/>\n\n\n\n<p><\/p>\n","protected":false},"excerpt":{"rendered":"<p>Intervenci\u00f3n Correctiva del Riesgo Intervenci\u00f3n Prospectiva del Riesgo Protecci\u00f3n Financiera<\/p>\n","protected":false},"author":3,"featured_media":0,"parent":0,"menu_order":0,"comment_status":"closed","ping_status":"closed","template":"","meta":[],"acf":[],"_links":{"self":[{"href":"https:\/\/grd.sanandres.gov.co\/index.php?rest_route=\/wp\/v2\/pages\/2237"}],"collection":[{"href":"https:\/\/grd.sanandres.gov.co\/index.php?rest_route=\/wp\/v2\/pages"}],"about":[{"href":"https:\/\/grd.sanandres.gov.co\/index.php?rest_route=\/wp\/v2\/types\/page"}],"author":[{"embeddable":true,"href":"https:\/\/grd.sanandres.gov.co\/index.php?rest_route=\/wp\/v2\/users\/3"}],"replies":[{"embeddable":true,"href":"https:\/\/grd.sanandres.gov.co\/index.php?rest_route=%2Fwp%2Fv2%2Fcomments&post=2237"}],"version-history":[{"count":21,"href":"https:\/\/grd.sanandres.gov.co\/index.php?rest_route=\/wp\/v2\/pages\/2237\/revisions"}],"predecessor-version":[{"id":2304,"href":"https:\/\/grd.sanandres.gov.co\/index.php?rest_route=\/wp\/v2\/pages\/2237\/revisions\/2304"}],"wp:attachment":[{"href":"https:\/\/grd.sanandres.gov.co\/index.php?rest_route=%2Fwp%2Fv2%2Fmedia&parent=2237"}],"curies":[{"name":"wp","href":"https:\/\/api.w.org\/{rel}","templated":true}]}}