{"id":2317,"date":"2023-12-13T10:47:36","date_gmt":"2023-12-13T15:47:36","guid":{"rendered":"https:\/\/grd.sanandres.gov.co\/?page_id=2317"},"modified":"2023-12-13T10:52:53","modified_gmt":"2023-12-13T15:52:53","slug":"emergencias","status":"publish","type":"page","link":"https:\/\/grd.sanandres.gov.co\/?page_id=2317","title":{"rendered":"Emergencias"},"content":{"rendered":"\n<hr class=\"wp-block-separator has-text-color has-background has-white-background-color has-white-color\"\/>\n\n\n\n<p>Si requieres alg\u00fan servicio de emergencia, recuerda llamar a cualquiera de estas l\u00edneas de emergencia para ser atendido con la mayor prioridad posible.<\/p>\n\n\n\n<p>N\u00famero \u00danico Nacional de Emergencias: 123<\/p>\n\n\n\n<p>Ambulancia: l\u00ednea 123<\/p>\n\n\n\n<p>Bomberos: l\u00ednea 119<\/p>\n\n\n\n<p>Polic\u00eda Nacional: l\u00ednea 112<\/p>\n\n\n\n<p>Guardacostas: l\u00ednea 146<\/p>\n\n\n\n<hr class=\"wp-block-separator is-style-dots\"\/>\n\n\n\n<p><strong>Otros:<\/strong><\/p>\n\n\n\n<p>Cruz Roja: +57 310 242 7223<\/p>\n\n\n\n<p>Defensa Civil: l\u00ednea 144<\/p>\n","protected":false},"excerpt":{"rendered":"<p>Si requieres alg\u00fan servicio de emergencia, recuerda llamar a cualquiera de estas l\u00edneas de emergencia para ser atendido con la mayor prioridad posible. N\u00famero \u00danico Nacional de Emergencias: 123 Ambulancia: l\u00ednea 123 Bomberos: l\u00ednea 119 Polic\u00eda Nacional: l\u00ednea 112 Guardacostas: l\u00ednea 146 Otros: Cruz Roja: +57 310 242 7223 Defensa Civil: l\u00ednea 144<\/p>\n","protected":false},"author":3,"featured_media":0,"parent":0,"menu_order":0,"comment_status":"closed","ping_status":"closed","template":"","meta":[],"acf":[],"_links":{"self":[{"href":"https:\/\/grd.sanandres.gov.co\/index.php?rest_route=\/wp\/v2\/pages\/2317"}],"collection":[{"href":"https:\/\/grd.sanandres.gov.co\/index.php?rest_route=\/wp\/v2\/pages"}],"about":[{"href":"https:\/\/grd.sanandres.gov.co\/index.php?rest_route=\/wp\/v2\/types\/page"}],"author":[{"embeddable":true,"href":"https:\/\/grd.sanandres.gov.co\/index.php?rest_route=\/wp\/v2\/users\/3"}],"replies":[{"embeddable":true,"href":"https:\/\/grd.sanandres.gov.co\/index.php?rest_route=%2Fwp%2Fv2%2Fcomments&post=2317"}],"version-history":[{"count":3,"href":"https:\/\/grd.sanandres.gov.co\/index.php?rest_route=\/wp\/v2\/pages\/2317\/revisions"}],"predecessor-version":[{"id":2320,"href":"https:\/\/grd.sanandres.gov.co\/index.php?rest_route=\/wp\/v2\/pages\/2317\/revisions\/2320"}],"wp:attachment":[{"href":"https:\/\/grd.sanandres.gov.co\/index.php?rest_route=%2Fwp%2Fv2%2Fmedia&parent=2317"}],"curies":[{"name":"wp","href":"https:\/\/api.w.org\/{rel}","templated":true}]}}